{"id":2982,"date":"2017-11-18T19:52:18","date_gmt":"2017-11-18T18:52:18","guid":{"rendered":"http:\/\/www.radio-tatenberg.de\/?page_id=2982"},"modified":"2024-02-23T09:59:51","modified_gmt":"2024-02-23T08:59:51","slug":"2-the-corners","status":"publish","type":"page","link":"https:\/\/www.radio-tatenberg.de\/?page_id=2982","title":{"rendered":"2 the Corners"},"content":{"rendered":"<p>Moin Kinnerz, hier seid ihr richtig!<\/p>\n<p>Benutzt einfach den Men\u00fcbaum, oder &#8211; wenn ihr euch schon einmal hierhin verlaufen habt &#8211; die Buttons um in die verschiedenen Bereiche der geistigen Erg\u00fcsse des sagenumwobenen K\u00e4thes zu kommen. Hier geht es um alles was euch (nicht) interessieren k\u00f6nnte aus dem Umfeld vom K\u00e4the K. aus D. bei H\u2026 H\u00e4h? Egal&#8230;<\/p>\n<p>[\/vc_column_text][\/vc_column][\/vc_row][vc_row][vc_column width=&#8220;1\/4&#8243;][vc_btn title=&#8220;OLOs Corner&#8220; color=&#8220;green&#8220; link=&#8220;url:http%3A%2F%2Fwww.radio-tatenberg.de%2F%3Fcat%3D13|||&#8220;][\/vc_column][vc_column width=&#8220;1\/4&#8243;][vc_btn title=&#8220;#kazehna Corner&#8220; color=&#8220;green&#8220; link=&#8220;url:http%3A%2F%2Fwww.radio-tatenberg.de%2F%3Fcat%3D15|||&#8220;][\/vc_column][vc_column width=&#8220;1\/4&#8243;][vc_btn title=&#8220;That\u00b4s life Corner&#8220; color=&#8220;green&#8220; link=&#8220;url:http%3A%2F%2Fwww.radio-tatenberg.de%2F%3Fcat%3D1|||&#8220;][\/vc_column][vc_column width=&#8220;1\/4&#8243;][vc_btn title=&#8220;Hotel Corner&#8220; color=&#8220;green&#8220; link=&#8220;url:http%3A%2F%2Fwww.radio-tatenberg.de%2F%3Fcat%3D14|||&#8220;][\/vc_column][\/vc_row][vc_row][vc_column width=&#8220;1\/3&#8243;][vc_btn title=&#8220;Retro Corner&#8220; color=&#8220;green&#8220; link=&#8220;url:http%3A%2F%2Fwww.radio-tatenberg.de%2F%3Fcat%3D16|||&#8220;][\/vc_column][vc_column width=&#8220;1\/3&#8243;][vc_btn title=&#8220;Hummel Corner&#8220; color=&#8220;green&#8220; link=&#8220;url:http%3A%2F%2Fwww.radio-tatenberg.de%2F%3Fcat%3D7|||&#8220;][\/vc_column][vc_column width=&#8220;1\/3&#8243;][vc_btn title=&#8220;S1 Corner&#8220; color=&#8220;green&#8220; link=&#8220;url:http%3A%2F%2Fwww.radio-tatenberg.de%2F%3Fcat%3D8|||&#8220;][\/vc_column][\/vc_row]<\/p>\n","protected":false},"excerpt":{"rendered":"<p>Moin Kinnerz, hier seid ihr richtig! Benutzt einfach den Men\u00fcbaum, oder &#8211; wenn ihr euch schon einmal hierhin verlaufen habt &#8211; die Buttons um in die verschiedenen Bereiche der geistigen Erg\u00fcsse des sagenumwobenen K\u00e4thes zu kommen. Hier geht es um alles was euch (nicht) interessieren k\u00f6nnte aus dem Umfeld vom K\u00e4the K. aus D. bei H\u2026 H\u00e4h? Egal&#8230; [\/vc_column_text][\/vc_column][\/vc_row][vc_row][vc_column width=&#8220;1\/4&#8243;][vc_btn title=&#8220;OLOs Corner&#8220; color=&#8220;green&#8220; link=&#8220;url:http%3A%2F%2Fwww.radio-tatenberg.de%2F%3Fcat%3D13|||&#8220;][\/vc_column][vc_column width=&#8220;1\/4&#8243;][vc_btn title=&#8220;#kazehna Corner&#8220; color=&#8220;green&#8220; link=&#8220;url:http%3A%2F%2Fwww.radio-tatenberg.de%2F%3Fcat%3D15|||&#8220;][\/vc_column][vc_column width=&#8220;1\/4&#8243;][vc_btn<\/p>\n<p><a class=\"more-link\" href=\"https:\/\/www.radio-tatenberg.de\/?page_id=2982\">Weiterlesen<\/a><\/p>\n","protected":false},"author":1,"featured_media":0,"parent":0,"menu_order":0,"comment_status":"closed","ping_status":"closed","template":"","meta":{"footnotes":"","_links_to":"","_links_to_target":""},"class_list":["post-2982","page","type-page","status-publish","hentry"],"aioseo_notices":[],"_links":{"self":[{"href":"https:\/\/www.radio-tatenberg.de\/index.php?rest_route=\/wp\/v2\/pages\/2982","targetHints":{"allow":["GET"]}}],"collection":[{"href":"https:\/\/www.radio-tatenberg.de\/index.php?rest_route=\/wp\/v2\/pages"}],"about":[{"href":"https:\/\/www.radio-tatenberg.de\/index.php?rest_route=\/wp\/v2\/types\/page"}],"author":[{"embeddable":true,"href":"https:\/\/www.radio-tatenberg.de\/index.php?rest_route=\/wp\/v2\/users\/1"}],"replies":[{"embeddable":true,"href":"https:\/\/www.radio-tatenberg.de\/index.php?rest_route=%2Fwp%2Fv2%2Fcomments&post=2982"}],"version-history":[{"count":7,"href":"https:\/\/www.radio-tatenberg.de\/index.php?rest_route=\/wp\/v2\/pages\/2982\/revisions"}],"predecessor-version":[{"id":5925,"href":"https:\/\/www.radio-tatenberg.de\/index.php?rest_route=\/wp\/v2\/pages\/2982\/revisions\/5925"}],"wp:attachment":[{"href":"https:\/\/www.radio-tatenberg.de\/index.php?rest_route=%2Fwp%2Fv2%2Fmedia&parent=2982"}],"curies":[{"name":"wp","href":"https:\/\/api.w.org\/{rel}","templated":true}]}}