{"id":3018,"date":"2017-11-18T21:24:48","date_gmt":"2017-11-18T20:24:48","guid":{"rendered":"http:\/\/www.radio-tatenberg.de\/?page_id=3018"},"modified":"2021-01-13T19:03:26","modified_gmt":"2021-01-13T18:03:26","slug":"dat-kaethe","status":"publish","type":"page","link":"https:\/\/www.radio-tatenberg.de\/?page_id=3018","title":{"rendered":"Dat K\u00e4the"},"content":{"rendered":"<p>[vc_row][vc_column width=&#8220;1\/3&#8243;][\/vc_column][vc_column width=&#8220;1\/3&#8243;][vc_images_carousel images=&#8220;5239,5238,5237&#8243; onclick=&#8220;link_no&#8220; autoplay=&#8220;yes&#8220; hide_pagination_control=&#8220;yes&#8220; hide_prev_next_buttons=&#8220;yes&#8220;][\/vc_column][vc_column width=&#8220;1\/3&#8243;][\/vc_column][\/vc_row][vc_row][vc_column][vc_column_text]Moin Kinnerz, hier erfahrt ihr in wirklich sehr unregelm\u00e4\u00dfigen Abst\u00e4nden etwas mehr \u00fcber dat K\u00e4the und was es mit Radio Tatenberg auf sich hat.<\/p>\n<p style=\"text-align: center;\">Habt Geduld mit ihm&#8230;<\/p>\n<p>[\/vc_column_text][vc_btn title=&#8220;Bereit? Dann mal los!&#8220; color=&#8220;green&#8220; size=&#8220;lg&#8220; align=&#8220;center&#8220; link=&#8220;url:http%3A%2F%2Fwww.radio-tatenberg.de%2F%3Fcat%3D20|title:Bereit%3F%20Dann%20mal%20los!||&#8220;][\/vc_column][\/vc_row][vc_row][vc_column][\/vc_column][\/vc_row]<\/p>\n","protected":false},"excerpt":{"rendered":"<p>[vc_row][vc_column width=&#8220;1\/3&#8243;][\/vc_column][vc_column width=&#8220;1\/3&#8243;][vc_images_carousel images=&#8220;5239,5238,5237&#8243; onclick=&#8220;link_no&#8220; autoplay=&#8220;yes&#8220; hide_pagination_control=&#8220;yes&#8220; hide_prev_next_buttons=&#8220;yes&#8220;][\/vc_column][vc_column width=&#8220;1\/3&#8243;][\/vc_column][\/vc_row][vc_row][vc_column][vc_column_text]Moin Kinnerz, hier erfahrt ihr in wirklich sehr unregelm\u00e4\u00dfigen Abst\u00e4nden etwas mehr \u00fcber dat K\u00e4the und was es mit Radio Tatenberg auf sich hat. Habt Geduld mit ihm&#8230; [\/vc_column_text][vc_btn title=&#8220;Bereit? Dann mal los!&#8220; color=&#8220;green&#8220; size=&#8220;lg&#8220; align=&#8220;center&#8220; link=&#8220;url:http%3A%2F%2Fwww.radio-tatenberg.de%2F%3Fcat%3D20|title:Bereit%3F%20Dann%20mal%20los!||&#8220;][\/vc_column][\/vc_row][vc_row][vc_column][\/vc_column][\/vc_row]<\/p>\n","protected":false},"author":1,"featured_media":0,"parent":0,"menu_order":0,"comment_status":"closed","ping_status":"closed","template":"","meta":{"footnotes":"","_links_to":"","_links_to_target":""},"class_list":["post-3018","page","type-page","status-publish","hentry"],"aioseo_notices":[],"_links":{"self":[{"href":"https:\/\/www.radio-tatenberg.de\/index.php?rest_route=\/wp\/v2\/pages\/3018","targetHints":{"allow":["GET"]}}],"collection":[{"href":"https:\/\/www.radio-tatenberg.de\/index.php?rest_route=\/wp\/v2\/pages"}],"about":[{"href":"https:\/\/www.radio-tatenberg.de\/index.php?rest_route=\/wp\/v2\/types\/page"}],"author":[{"embeddable":true,"href":"https:\/\/www.radio-tatenberg.de\/index.php?rest_route=\/wp\/v2\/users\/1"}],"replies":[{"embeddable":true,"href":"https:\/\/www.radio-tatenberg.de\/index.php?rest_route=%2Fwp%2Fv2%2Fcomments&post=3018"}],"version-history":[{"count":26,"href":"https:\/\/www.radio-tatenberg.de\/index.php?rest_route=\/wp\/v2\/pages\/3018\/revisions"}],"predecessor-version":[{"id":5248,"href":"https:\/\/www.radio-tatenberg.de\/index.php?rest_route=\/wp\/v2\/pages\/3018\/revisions\/5248"}],"wp:attachment":[{"href":"https:\/\/www.radio-tatenberg.de\/index.php?rest_route=%2Fwp%2Fv2%2Fmedia&parent=3018"}],"curies":[{"name":"wp","href":"https:\/\/api.w.org\/{rel}","templated":true}]}}